{"id":1765,"date":"2026-05-11T13:53:00","date_gmt":"2026-05-11T13:53:00","guid":{"rendered":"https:\/\/lagorainfo.tg\/?page_id=1765"},"modified":"2026-05-11T14:14:38","modified_gmt":"2026-05-11T14:14:38","slug":"contact","status":"publish","type":"page","link":"https:\/\/lagorainfo.tg\/?page_id=1765","title":{"rendered":"Contact"},"content":{"rendered":"\n<figure class=\"wp-block-image size-large is-resized\"><img fetchpriority=\"high\" decoding=\"async\" width=\"1024\" height=\"768\" src=\"https:\/\/lagorainfo.tg\/wp-content\/uploads\/2026\/05\/jessica45-contact-us-2418235-1024x768.jpg\" alt=\"\" class=\"wp-image-1766\" style=\"aspect-ratio:1.30968622100955;width:754px;height:auto\" srcset=\"https:\/\/lagorainfo.tg\/wp-content\/uploads\/2026\/05\/jessica45-contact-us-2418235-1024x768.jpg 1024w, https:\/\/lagorainfo.tg\/wp-content\/uploads\/2026\/05\/jessica45-contact-us-2418235-300x225.jpg 300w, https:\/\/lagorainfo.tg\/wp-content\/uploads\/2026\/05\/jessica45-contact-us-2418235-768x576.jpg 768w, https:\/\/lagorainfo.tg\/wp-content\/uploads\/2026\/05\/jessica45-contact-us-2418235-1536x1152.jpg 1536w, https:\/\/lagorainfo.tg\/wp-content\/uploads\/2026\/05\/jessica45-contact-us-2418235-2048x1536.jpg 2048w, https:\/\/lagorainfo.tg\/wp-content\/uploads\/2026\/05\/jessica45-contact-us-2418235-1920x1440.jpg 1920w, https:\/\/lagorainfo.tg\/wp-content\/uploads\/2026\/05\/jessica45-contact-us-2418235-1170x878.jpg 1170w, https:\/\/lagorainfo.tg\/wp-content\/uploads\/2026\/05\/jessica45-contact-us-2418235-585x439.jpg 585w\" sizes=\"(max-width: 1024px) 100vw, 1024px\" \/><\/figure>\n\n\n\n<h2 class=\"wp-block-heading\">Lagorainfo.tg est un site d&rsquo;information g\u00e9n\u00e9rale et de publicit\u00e9<\/h2>\n\n\n\n<h2 class=\"wp-block-heading\">si\u00e8ge : LOME &#8211; TOGO<\/h2>\n\n\n\n<h2 class=\"wp-block-heading\">Contact : (+228) 70704037\/96469897<\/h2>\n\n\n\n<h2 class=\"wp-block-heading\">                 <\/h2>\n\n\n\n<p><\/p>\n","protected":false},"excerpt":{"rendered":"<p>Lagorainfo.tg est un site d&rsquo;information g\u00e9n\u00e9rale et de publicit\u00e9 si\u00e8ge : LOME &#8211; TOGO Contact :&hellip;<\/p>\n","protected":false},"author":1,"featured_media":0,"parent":0,"menu_order":0,"comment_status":"closed","ping_status":"closed","template":"","meta":{"_lmt_disableupdate":"","_lmt_disable":"","footnotes":""},"class_list":["post-1765","page","type-page","status-publish","hentry"],"_links":{"self":[{"href":"https:\/\/lagorainfo.tg\/index.php?rest_route=\/wp\/v2\/pages\/1765","targetHints":{"allow":["GET"]}}],"collection":[{"href":"https:\/\/lagorainfo.tg\/index.php?rest_route=\/wp\/v2\/pages"}],"about":[{"href":"https:\/\/lagorainfo.tg\/index.php?rest_route=\/wp\/v2\/types\/page"}],"author":[{"embeddable":true,"href":"https:\/\/lagorainfo.tg\/index.php?rest_route=\/wp\/v2\/users\/1"}],"replies":[{"embeddable":true,"href":"https:\/\/lagorainfo.tg\/index.php?rest_route=%2Fwp%2Fv2%2Fcomments&post=1765"}],"version-history":[{"count":3,"href":"https:\/\/lagorainfo.tg\/index.php?rest_route=\/wp\/v2\/pages\/1765\/revisions"}],"predecessor-version":[{"id":1771,"href":"https:\/\/lagorainfo.tg\/index.php?rest_route=\/wp\/v2\/pages\/1765\/revisions\/1771"}],"wp:attachment":[{"href":"https:\/\/lagorainfo.tg\/index.php?rest_route=%2Fwp%2Fv2%2Fmedia&parent=1765"}],"curies":[{"name":"wp","href":"https:\/\/api.w.org\/{rel}","templated":true}]}}